{"id":174,"date":"2018-05-06T20:42:57","date_gmt":"2018-05-06T18:42:57","guid":{"rendered":"https:\/\/www.itprolab.de\/modul\/?page_id=174"},"modified":"2019-04-09T14:25:50","modified_gmt":"2019-04-09T12:25:50","slug":"latex-fehler","status":"publish","type":"page","link":"https:\/\/fb10.ide3.de\/?page_id=174","title":{"rendered":"LaTeX Fehler"},"content":{"rendered":"<h4>LaTeX Fehler<\/h4>\n<p>Bei der \u00dcbersetzung der Modulhandbucheintr\u00e4ge durch <em><strong>LaTeX<\/strong><\/em> kann es zu Fehlern<br \/>\nkommen. In diesen F\u00e4llen erscheint ein PDF mit einer entsprechenden Fehlermeldung.<\/p>\n<p>Die Ursache sind in der Regel &#8222;Sonderzeichen&#8220;, mit denen (meine) LaTeX (-Konvertierung)<br \/>\nnicht zurecht kommt. Dies sind <em>schr\u00e4ge<\/em> G\u00e4nsef\u00fc\u00dfchen \u00b4\u00b4 &#8222; oder Bullets\u00a0\u2022, die per<br \/>\nCopy &amp; Paste in die Formularfelder eingef\u00fcgt wurden.<\/p>\n","protected":false},"excerpt":{"rendered":"<p>LaTeX Fehler Bei der \u00dcbersetzung der Modulhandbucheintr\u00e4ge durch LaTeX kann es zu Fehlern kommen. In diesen F\u00e4llen erscheint ein PDF mit einer entsprechenden Fehlermeldung. Die &hellip; <\/p>\n","protected":false},"author":2,"featured_media":0,"parent":0,"menu_order":0,"comment_status":"closed","ping_status":"closed","template":"","meta":[],"_links":{"self":[{"href":"https:\/\/fb10.ide3.de\/index.php?rest_route=\/wp\/v2\/pages\/174"}],"collection":[{"href":"https:\/\/fb10.ide3.de\/index.php?rest_route=\/wp\/v2\/pages"}],"about":[{"href":"https:\/\/fb10.ide3.de\/index.php?rest_route=\/wp\/v2\/types\/page"}],"author":[{"embeddable":true,"href":"https:\/\/fb10.ide3.de\/index.php?rest_route=\/wp\/v2\/users\/2"}],"replies":[{"embeddable":true,"href":"https:\/\/fb10.ide3.de\/index.php?rest_route=%2Fwp%2Fv2%2Fcomments&post=174"}],"version-history":[{"count":2,"href":"https:\/\/fb10.ide3.de\/index.php?rest_route=\/wp\/v2\/pages\/174\/revisions"}],"predecessor-version":[{"id":413,"href":"https:\/\/fb10.ide3.de\/index.php?rest_route=\/wp\/v2\/pages\/174\/revisions\/413"}],"wp:attachment":[{"href":"https:\/\/fb10.ide3.de\/index.php?rest_route=%2Fwp%2Fv2%2Fmedia&parent=174"}],"curies":[{"name":"wp","href":"https:\/\/api.w.org\/{rel}","templated":true}]}}